{"id":3267,"date":"2025-12-12T10:47:48","date_gmt":"2025-12-12T09:47:48","guid":{"rendered":"https:\/\/www.exg-consulting.com\/?page_id=3267"},"modified":"2025-12-12T15:56:30","modified_gmt":"2025-12-12T14:56:30","slug":"anmeldung-ma-workshop","status":"publish","type":"page","link":"https:\/\/www.exg-consulting.com\/en\/anmeldung-ma-workshop\/","title":{"rendered":"Anmeldung M&#038;A-Workshop"},"content":{"rendered":"\n<div style=\"background-image:url(&apos;https:\/\/www.exg-consulting.com\/wp-content\/uploads\/2025\/11\/donald-giannatti-Wj1D-qiOseE-unsplash.jpg&apos;);background-size:cover;\" class=\"wp-block-group is-layout-flow wp-block-group-is-layout-flow has-background\">\n<div class=\"wp-block-group alignfull is-style-group-hero has-accent-4-background-color has-background has-global-padding is-layout-constrained wp-block-group-is-layout-constrained is-style-group-hero--1\" style=\"margin-top:0;background-image:url(&apos;https:\/\/www.exg-consulting.com\/wp-content\/uploads\/2025\/10\/Kopie-von-nasa-Q1p7bh3SHj8-unsplash-scaled.jpg&apos;);background-position:53% 63%;background-size:cover;\">\n<div class=\"wp-block-group alignfull has-base-color has-text-color has-background has-link-color wp-elements-4f7e7933e5d0c705b6b674c60b413de8 has-global-padding is-layout-constrained wp-block-group-is-layout-constrained\" style=\"background-color:#2d2d38ab;min-height:30vh;margin-top:60vh;padding-top:var(--wp--preset--spacing--60);padding-bottom:var(--wp--preset--spacing--60)\">\n<div class=\"wp-block-group alignwide has-global-padding is-layout-constrained wp-block-group-is-layout-constrained\">\n<div class=\"wp-block-columns alignfull is-layout-flex wp-container-core-columns-is-layout-f5a44f5b wp-block-columns-is-layout-flex\">\n<div class=\"wp-block-column is-vertically-aligned-top animate slide-in-from-left if-visible is-layout-flow wp-block-column-is-layout-flow\" style=\"flex-basis:50%\">\n<h2 class=\"wp-block-heading alignwide header header-bigger\">Unser n\u00e4chster M&#038;A-Workshop:<\/h2>\n\n\n\n<h3 class=\"wp-block-heading\">D\u00fcsseldorf, 20.12.2025<\/h3>\n\n\n\n<h4 class=\"wp-block-heading\">14h &#8211; ca. 20h<\/h4>\n\n\n\n<p>Konrad-Adenauer-Platz 14<br>40210 D\u00fcsseldorf<\/p>\n<\/div>\n\n\n\n<div class=\"wp-block-column is-layout-flow wp-block-column-is-layout-flow\" style=\"flex-basis:50%\">\n<div class=\"wp-block-group has-background has-global-padding is-layout-constrained wp-container-core-group-is-layout-f611be13 wp-block-group-is-layout-constrained\" style=\"border-top-left-radius:10px;border-top-right-radius:10px;border-bottom-left-radius:10px;border-bottom-right-radius:10px;background-color:#ffffff30;padding-top:var(--wp--preset--spacing--50);padding-right:var(--wp--preset--spacing--50);padding-bottom:var(--wp--preset--spacing--50);padding-left:var(--wp--preset--spacing--50)\">\n<h3 class=\"wp-block-heading has-text-align-center\" style=\"margin-bottom:var(--wp--preset--spacing--50)\">Anmeldung<\/h3>\n\n\n     \n    <form action=\"https:\/\/www.exg-consulting.com\/wp-admin\/admin-post.php\" method=\"post\"  id=\"custom-form\" class=\"contact-form two-columns\">\n        <input type=\"hidden\" name=\"action\" value=\"custom_form_submission\"> \n        <input type=\"hidden\" name=\"msg_after_form_submit\" value=\"Vielen Dank f\u00fcr Ihre Anmeldung! Sie erhalten in K\u00fcrze eine Best\u00e4tigung per E-Mail.\"> \n        <input type=\"hidden\" name=\"to\" value=\"info@exg-consulting.com\"> \n        <input type=\"hidden\" name=\"subject\" value=\"Anmeldung M&A-Workshop\">\n        <div>\n            <label class=\"required\" for=\"name\">Your Name:<\/label>\n        <\/div>\n        <div>\n            <input type=\"text\" id=\"name\" name=\"name\" required>\n        <\/div>\n        <div>\n            <label for=\"email\" class=\"required\">Your Email:<\/label>\n        <\/div>\n        <div>\n            <input type=\"email\" id=\"email\" name=\"email\" autocomplete=\"email\" required>\n        <\/div>\n        <div>\n            <label for=\"phone\" class=\"\">Your phone number:<\/label>\n        <\/div>\n        <div>\n            <input type=\"tel\" id=\"phone\" name=\"phone\" autocomplete=\"tel\" >\n        <\/div>\n        <div>\n            <label class=\"\" for=\"message\">Your Message:<\/label>\n        <\/div>\n        <div>\n            <textarea id=\"message\" name=\"message\" ><\/textarea>\n        <\/div>\n        <div>\n        <\/div>\n        <div class=\"wp-block-buttons\">\n            <div class=\"wp-block-button\">\n                <button class=\"wp-block-button__link wp-element-button\" type=\"submit\" name=\"submit_contact_form\">Submit<\/button>\n            <\/div>\n        <\/div>\n    <\/form>\n    <div id=\"form-message\"><\/div>\n    \n<\/div>\n<\/div>\n<\/div>\n<\/div>\n<\/div>\n<\/div>\n<\/div>\n\n\n\n<div class=\"wp-block-group has-accent-4-color has-accent-3-background-color has-text-color has-background has-link-color wp-elements-1522a24c654fc14616f6fc3fee924901 has-global-padding is-layout-constrained wp-block-group-is-layout-constrained\" style=\"margin-top:0px;margin-bottom:0px;padding-top:var(--wp--preset--spacing--60);padding-bottom:var(--wp--preset--spacing--60)\">\n<div class=\"wp-block-group alignwide is-layout-flow wp-block-group-is-layout-flow\">\n<p>Lorem ipsum dolor sit amet, consetetur sadipscing elitr, sed diam nonumy eirmod tempor invidunt ut labore et dolore magna aliquyam erat, sed diam voluptua. At vero eos et accusam et justo duo dolores et ea rebum. Stet clita kasd gubergren, no sea takimata sanctus est Lorem ipsum dolor sit amet. Lorem ipsum dolor sit amet, consetetur sadipscing elitr, sed diam nonumy eirmod tempor invidunt ut labore et dolore magna aliquyam erat, sed diam voluptua. At vero eos et accusam et justo duo dolores et ea rebum. Stet clita kasd gubergren, no sea takimata sanctus est Lorem ipsum dolor sit amet. <\/p>\n<\/div>\n<\/div>\n","protected":false},"excerpt":{"rendered":"<p>Unser n\u00e4chster M&#038;A-Workshop: D\u00fcsseldorf, 20.12.2025 14h &#8211; ca. 20h Konrad-Adenauer-Platz 1440210 D\u00fcsseldorf Anmeldung Lorem ipsum dolor sit amet, consetetur sadipscing elitr, sed diam nonumy eirmod tempor invidunt ut labore et dolore magna aliquyam erat, sed diam voluptua. At vero eos et accusam et justo duo dolores et ea rebum. Stet clita kasd gubergren, no sea [&hellip;]<\/p>\n","protected":false},"author":1,"featured_media":0,"parent":0,"menu_order":0,"comment_status":"closed","ping_status":"closed","template":"pages-w-image-header","meta":{"advanced_seo_description":"","jetpack_seo_html_title":"","jetpack_seo_noindex":false,"footnotes":""},"class_list":["post-3267","page","type-page","status-publish","hentry"],"jetpack_sharing_enabled":true,"_links":{"self":[{"href":"https:\/\/www.exg-consulting.com\/en\/wp-json\/wp\/v2\/pages\/3267","targetHints":{"allow":["GET"]}}],"collection":[{"href":"https:\/\/www.exg-consulting.com\/en\/wp-json\/wp\/v2\/pages"}],"about":[{"href":"https:\/\/www.exg-consulting.com\/en\/wp-json\/wp\/v2\/types\/page"}],"author":[{"embeddable":true,"href":"https:\/\/www.exg-consulting.com\/en\/wp-json\/wp\/v2\/users\/1"}],"replies":[{"embeddable":true,"href":"https:\/\/www.exg-consulting.com\/en\/wp-json\/wp\/v2\/comments?post=3267"}],"version-history":[{"count":13,"href":"https:\/\/www.exg-consulting.com\/en\/wp-json\/wp\/v2\/pages\/3267\/revisions"}],"predecessor-version":[{"id":3288,"href":"https:\/\/www.exg-consulting.com\/en\/wp-json\/wp\/v2\/pages\/3267\/revisions\/3288"}],"wp:attachment":[{"href":"https:\/\/www.exg-consulting.com\/en\/wp-json\/wp\/v2\/media?parent=3267"}],"curies":[{"name":"wp","href":"https:\/\/api.w.org\/{rel}","templated":true}]}}